{"id":11502,"date":"2019-03-21T15:20:48","date_gmt":"2019-03-21T20:20:48","guid":{"rendered":"https:\/\/colgalancucuta.edu.co\/web\/?page_id=11502"},"modified":"2022-11-17T17:46:44","modified_gmt":"2022-11-17T22:46:44","slug":"nuestro-colegio","status":"publish","type":"page","link":"https:\/\/colgalancucuta.edu.co\/web\/nuestro-colegio\/","title":{"rendered":"Nuestro Colegio"},"content":{"rendered":"<div class=\"wpb-content-wrapper\"><p>[vc_row][vc_column]<div class=\"thim-widget-heading template-base\"><div class=\"sc_heading  text-center\"><h3 style=\"font-size:35px;font-weight:600;\" class=\"title\">Informaci\u00f3n <strong>Institucional<\/strong><\/h3><\/div><\/div>[\/vc_column][\/vc_row][vc_row css=\u00bb.vc_custom_1559531433775{margin-bottom: 15px !important;}\u00bb][vc_column width=\u00bb1\/2&#8243; css=\u00bb.vc_custom_1553219212365{margin-bottom: 30px !important;}\u00bb][vc_column_text]<\/p>\n<h3 class=\"thim-text-title\">Misi\u00f3n<\/h3>\n<p>Contribuir a la formaci\u00f3n integral de educandos, mediante la prestaci\u00f3n de un servicio educativo de calidad, en los niveles de: Preescolar, educaci\u00f3n b\u00e1sica y media t\u00e9cnica, que le posibiliten su vinculaci\u00f3n al campo profesional y laboral con mentalidad empresarial.[\/vc_column_text][vc_column_text]<\/p>\n<h3 class=\"thim-text-title\">Visi\u00f3n<\/h3>\n<p>En la segunda d\u00e9cada del siglo XXl, la instituci\u00f3n educativa se\u00a0\u00a0 posicionar\u00e1 a nivel local como una de las mejores en la formaci\u00f3n integral de BACHILLERES T\u00c9CNICOS COMERCIALES con elevadas competencias, incorporando para ello ciencia y tecnolog\u00eda en todos sus procesos pedag\u00f3gicos.[\/vc_column_text][\/vc_column][vc_column width=\u00bb1\/2&#8243;][vc_column_text]<\/p>\n<h3>Valores Institucionales<\/h3>\n<p>Como parte del Plan Estrat\u00e9gico y las acciones de la IECLCG, esperamos que todos los integrantes de la comunidad sean ejemplo de los siguientes valores, dentro y fuera del colegio:[\/vc_column_text][vc_single_image image=\u00bb11856&#8243; img_size=\u00bbmedium\u00bb alignment=\u00bbcenter\u00bb][\/vc_column][\/vc_row][vc_row][vc_column]<div class=\"thim-widget-heading template-base\"><div class=\"sc_heading  text-center\"><h3 class=\"title\">S\u00edmbolos <strong> Institucionales<\/strong><\/h3><\/div><\/div>[vc_row_inner][vc_column_inner width=\u00bb1\/2&#8243;][vc_column_text]<\/p>\n<h3 class=\"thim-text-title\">Bandera<\/h3>\n<p>EL COLOR GRIS significa la inteligencia y sabidur\u00eda innata en cada ser y que deben cultivarse para ser puesta al servicio de los dem\u00e1s como esperanza de un futuro mejor forjado en el trabajo, el tes\u00f3n y el valor de los estudiantes de La Instituci\u00f3n envolviendo<\/p>\n<p>EL COLOR BLANCO que significa la pureza de esp\u00edritu que prevalece en la ni\u00f1ez y juventud que se forma en nuestro plantel.[\/vc_column_text][vc_single_image image=\u00bb11717&#8243; img_size=\u00bbmedium\u00bb alignment=\u00bbcenter\u00bb][\/vc_column_inner][vc_column_inner width=\u00bb1\/2&#8243;][vc_column_text]<\/p>\n<h3 class=\"thim-text-title\">Escudo<\/h3>\n<p>Figura her\u00e1ldica sobre un campo irregular dividido en dos \u00e1reas separadas pero unidas por una CINTA BLANCA en diagonal con el nombre de nuestro l\u00edder inspirador LUIS CARLOS GAL\u00c1N S.<\/p>\n<p>PARTE SUPERIOR HACIA LA IZQUIERDA contiene UN SOL ARDIENTE que representa el CONOCIMIENTO, e iluminando el horizonte enmarcado por UN MAR AZUL que forma el camino que simboliza LA VIDA CON \u00c1NIMO VIRTUOSO DE LA JUVENTUD.<\/p>\n<p>PARTE INFERIOR HACIA LA DERECHA: contiene el TRICOLOR NACIONAL como s\u00edmbolo de LA DEMOCRACIA en cada \u00e1rea de gesti\u00f3n institucional, ondeando sobre UN LIBRO ABIERTO con la inscripci\u00f3n CIENCIA, VIRTUD, DEBER y LEALTAD que son compromisos de cada uno de los miembros de la comunidad COLGALANISTA.[\/vc_column_text][vc_single_image image=\u00bb12162&#8243; img_size=\u00bbmedium\u00bb alignment=\u00bbcenter\u00bb][\/vc_column_inner][\/vc_row_inner][\/vc_column][\/vc_row][vc_row full_width=\u00bbstretch_row_content_no_spaces\u00bb css=\u00bb.vc_custom_1562684801755{background-color: #cde2fa !important;}\u00bb][vc_column][vc_row_inner][vc_column_inner]<div class=\"thim-widget-heading template-base\"><div class=\"sc_heading  text-center\"><h3 class=\"title\"><strong>Himno<\/strong> Institucional<\/h3><span class=\"line\"><\/span><\/div><\/div>[\/vc_column_inner][\/vc_row_inner][vc_row_inner][vc_column_inner width=\u00bb1\/3&#8243;]<div class=\"thim-widget-heading template-base\"><div class=\"sc_heading  text-center\"><h3 class=\"title\">CORO<\/h3><span class=\"line\"><\/span><\/div><\/div>[vc_column_text]<\/p>\n<div style=\"text-align: center;\">Juventud galanista,<br \/>\n\u00a1Adelante!<br \/>\n\u00abSacrificio, deber, lealtad\u00bb<br \/>\na la patria, sue\u00f1o delirante<br \/>\nde GAL\u00c1N, hoy tambi\u00e9n \u2026 \u00a1Avanzad!<\/div>\n<p>[\/vc_column_text][\/vc_column_inner][vc_column_inner width=\u00bb1\/3&#8243;]<div class=\"thim-widget-heading template-base\"><div class=\"sc_heading  text-center\"><h3 class=\"title\">I<\/h3><span class=\"line\"><\/span><\/div><\/div>[vc_column_text]<\/p>\n<div style=\"text-align: center;\">Santander, coraz\u00f3n de Colombia,<br \/>\ntu nos diste a LUIS CARLOS GAL\u00c1N<br \/>\nnoble l\u00edder, valiente, entusiasta,<br \/>\nJuventud colombiana ideal.<\/div>\n<p>[\/vc_column_text]<div class=\"thim-widget-heading template-base\"><div class=\"sc_heading  text-center\"><h3 class=\"title\">III<\/h3><span class=\"line\"><\/span><\/div><\/div>[vc_column_text]<\/p>\n<div style=\"text-align: center;\">Nuestro lema nos lleve adelante<br \/>\nTras su ejemplo de ciencia y virtud<br \/>\nEl estudio ser\u00e1 el estandarte<br \/>\nQue enarbola\u2026Nueva Juventud.<\/div>\n<p>[\/vc_column_text][\/vc_column_inner][vc_column_inner width=\u00bb1\/3&#8243;]<div class=\"thim-widget-heading template-base\"><div class=\"sc_heading  text-center\"><h3 class=\"title\">II<\/h3><span class=\"line\"><\/span><\/div><\/div>[vc_column_text]<\/p>\n<div style=\"text-align: center;\">El escudo nos muestra pujanza,<br \/>\nastro ardiente sobre el azul mar;<br \/>\ny el civismo ondea constante<br \/>\ntricolor nos invita a estudiar.<\/div>\n<p>[\/vc_column_text][\/vc_column_inner][\/vc_row_inner][\/vc_column][\/vc_row]<\/p>\n<\/div>","protected":false},"excerpt":{"rendered":"<p>[vc_row][vc_column][\/vc_column][\/vc_row][vc_row css=\u00bb.vc_custom_1559531433775{margin-bottom: 15px !important;}\u00bb][vc_column width=\u00bb1\/2&#8243; css=\u00bb.vc_custom_1553219212365{margin-bottom: 30px !important;}\u00bb][vc_column_text] Misi\u00f3n Contribuir a la formaci\u00f3n integral de educandos, mediante la prestaci\u00f3n de un servicio educativo de calidad, en los niveles de: Preescolar, educaci\u00f3n b\u00e1sica y media t\u00e9cnica, que le posibiliten su vinculaci\u00f3n &hellip; <\/p>\n","protected":false},"author":1,"featured_media":0,"parent":0,"menu_order":0,"comment_status":"closed","ping_status":"closed","template":"","meta":{"footnotes":""},"class_list":["post-11502","page","type-page","status-publish","hentry"],"_links":{"self":[{"href":"https:\/\/colgalancucuta.edu.co\/web\/wp-json\/wp\/v2\/pages\/11502","targetHints":{"allow":["GET"]}}],"collection":[{"href":"https:\/\/colgalancucuta.edu.co\/web\/wp-json\/wp\/v2\/pages"}],"about":[{"href":"https:\/\/colgalancucuta.edu.co\/web\/wp-json\/wp\/v2\/types\/page"}],"author":[{"embeddable":true,"href":"https:\/\/colgalancucuta.edu.co\/web\/wp-json\/wp\/v2\/users\/1"}],"replies":[{"embeddable":true,"href":"https:\/\/colgalancucuta.edu.co\/web\/wp-json\/wp\/v2\/comments?post=11502"}],"version-history":[{"count":6,"href":"https:\/\/colgalancucuta.edu.co\/web\/wp-json\/wp\/v2\/pages\/11502\/revisions"}],"predecessor-version":[{"id":12163,"href":"https:\/\/colgalancucuta.edu.co\/web\/wp-json\/wp\/v2\/pages\/11502\/revisions\/12163"}],"wp:attachment":[{"href":"https:\/\/colgalancucuta.edu.co\/web\/wp-json\/wp\/v2\/media?parent=11502"}],"curies":[{"name":"wp","href":"https:\/\/api.w.org\/{rel}","templated":true}]}}